{"id":6111,"date":"2024-10-20T15:15:09","date_gmt":"2024-10-20T15:15:09","guid":{"rendered":"http:\/\/maribelhogar.com\/?page_id=6111"},"modified":"2024-12-03T11:11:42","modified_gmt":"2024-12-03T11:11:42","slug":"politica-de-privacidad","status":"publish","type":"page","link":"http:\/\/maribelhogar.com\/en\/politica-de-privacidad\/","title":{"rendered":"Pol\u00edtica de Privacidad"},"content":{"rendered":"<div data-elementor-type=\"wp-page\" data-elementor-id=\"6111\" class=\"elementor elementor-6111\" data-elementor-post-type=\"page\">\n\t\t\t\t<div class=\"elementor-element elementor-element-252af00f e-flex e-con-boxed e-con e-parent\" data-id=\"252af00f\" data-element_type=\"container\">\n\t\t\t\t\t<div class=\"e-con-inner\">\n\t\t\t\t<div class=\"elementor-element elementor-element-3558feff elementor-widget elementor-widget-text-editor\" data-id=\"3558feff\" data-element_type=\"widget\" data-widget_type=\"text-editor.default\">\n\t\t\t\t<div class=\"elementor-widget-container\"><p>Nos tomamos muy en serio el respeto a la privacidad y la protecci\u00f3n de los datos personales de nuestros usuarios. A continuaci\u00f3n, explicamos c\u00f3mo recopilamos los datos y el tratamiento que realizamos sobre estos.<\/p><p><strong>DATOS DEL RESPONSABLE DEL TRATAMIENTO<\/strong><\/p><ul class=\"wp-block-list\"><li><strong>Raz\u00f3n Social<\/strong>: Maria Isabel Plaza S\u00e1nchez<\/li><li><strong>CIF<\/strong>: 25663837T<\/li><li><strong>Domicilio<\/strong>: Calle rio guadiana 2 portal 1, M\u00e1laga, 29006<\/li><li><strong>Actividad<\/strong>: Tienda productos del hogar<\/li><li><strong>Web<\/strong>: <a href=\"https:\/\/maribelhogar.com\/en\/\">https:\/\/maribelhogar.com\/<\/a><\/li><\/ul><p><strong>NORMATIVA APLICABLE<\/strong><\/p><p>Esta Pol\u00edtica de Privacidad se ha dise\u00f1ado de acuerdo con el Reglamento UE 2016\/679 del Parlamento Europeo y del Consejo, de 27 de abril de 2016, relativo a la Protecci\u00f3n de las Personas F\u00edsicas en lo que respecta al Tratamiento de Datos Personales y a la Libre Circulaci\u00f3n de estos datos , la L.O. 3\/2018 de 5 de diciembre, de Protecci\u00f3n de Datos Personales y Garant\u00eda de Derechos Digitales y Ley 34\/2002, de 11 de julio, de Servicios de la Sociedad de la Informaci\u00f3n y Comercio Electr\u00f3nico (LSSICE o LSSI).<\/p><p><strong>PRINCIPIOS QUE SE APLICAN A LA INFORMACI\u00d3N PERSONAL<\/strong><\/p><p>En el tratamiento de los datos personales se aplican los siguientes principios:<\/p><ul class=\"wp-block-list\"><li>Principio de licitud, lealtad y transparencia: para que los datos personales que se env\u00eden ser\u00e1n l\u00edcitos se necesitar\u00e1 un consentimiento o que el tratamiento sea necesario para el cumplimiento de una obligaci\u00f3n legal. Los datos se facilitar\u00e1n de forma comprensible y accesible.<\/li><li>Principio de minimizaci\u00f3n de datos: los datos personales ser\u00e1n adecuados, pertinentes y limitados a la necesidad para la que fueron recabados.<\/li><li>Principio de limitaci\u00f3n del plazo de conservaci\u00f3n: los datos personales ser\u00e1n cancelados cuando dejen de ser \u00fatiles para la finalidad que fueron recabados.<\/li><li>Principio de integridad y confidencialidad: los datos personales ser\u00e1n tratados de tal manera que se garantice una seguridad adecuada, incluida la protecci\u00f3n contra el tratamiento no autorizado o il\u00edcito y contra su p\u00e9rdida, destrucci\u00f3n o da\u00f1o accidental, mediante la aplicaci\u00f3n de medidas t\u00e9cnicas u organizativas apropiadas.<\/li><\/ul><p><strong>FINALIDADES DEL TRATAMIENTO DE LOS DATOS PERSONALES<\/strong><\/p><p>El tratamiento que realizamos sobre los datos personales responde a las siguientes finalidades:<\/p><ul class=\"wp-block-list\"><li>Atender su solicitud y proporcionarle informaci\u00f3n relacionada con los servicios que presta estudios4aguas y sus empresas colaboradoras relativos a formaci\u00f3n, consultor\u00eda y tecnolog\u00eda.<\/li><\/ul><p>Para recabar datos personales la web utiliza distintos formularios de contacto que recaban datos personales identificativos (nombre, apellidos, tel\u00e9fono y correo electr\u00f3nico).<\/p><ul class=\"wp-block-list\"><li>Enviar comunicaciones comerciales; boletines, promociones y ofertas especiales relativas a los servicios que se ofrecen cuando el usuario marque la casilla \u201cDeseo recibir comunicaciones de marketing\u201d.<\/li><li>Gestionar las redes sociales: el tratamiento de los datos que se lleve a cabo de las personas que se hagan seguidoras en las redes sociales se regir\u00e1n por esta pol\u00edtica de privacidad. Los datos se tratar\u00e1n con la finalidad de administrar correctamente la presencia en la red social, informando de actividades, productos o servicios de estudios4aguas.<\/li><\/ul><p>En el caso de solicitar alguno de nuestros servicios se pedir\u00e1 el consentimiento para la finalidad correspondiente.<\/p><p><strong>CAUSA LEGITIMADORA DEL TRATAMIENTO DE DATOS PERSONALES<\/strong><\/p><p>La base legal para el tratamiento de sus datos es el consentimiento. Al rellenar los correspondientes formularios y marcar la casilla \u201cHe le\u00eddo y acepto la pol\u00edtica de privacidad y LOPD\u201d y hacer clic para enviar los datos, o al remitir correos electr\u00f3nicos a trav\u00e9s de las cuentas habilitadas al efecto, el usuario manifiesta haber le\u00eddo y aceptado expresamente la presente pol\u00edtica de privacidad; prestando su consentimiento inequ\u00edvoco y expreso al tratamiento de sus datos personales de acuerdo a las finalidades y t\u00e9rminos aqu\u00ed expresados.<\/p><p>Usted puede revocar en cualquier momento el consentimiento prestado para el tratamiento de sus datos personales. Dicha revocaci\u00f3n no tendr\u00e1 car\u00e1cter retroactivo. Puede revocar el consentimiento mediante email dirigido a\u00a0<\/p><p><strong>CATEGORIAS DE DATOS PERSONALES TRATADOS<\/strong><\/p><p>Las categor\u00edas de datos que ser\u00e1n objeto de tratamiento para las finalidades indicadas son las siguientes:<\/p><ul class=\"wp-block-list\"><li>Datos identificativos: nombre y apellidos, correo electr\u00f3nico y tel\u00e9fono.<\/li><li>Otros datos no identificativos que se obtienen mediante algunas cookies que se descargan en el ordenador del usuario cuando navega en la web.<\/li><\/ul><p>Los datos de car\u00e1cter obligatorio se distinguir\u00e1n en los formularios de recogida de informaci\u00f3n. Si usted decide no proporcionarnos alguno de esos datos considerados obligatorios no podremos cumplir por con la finalidad prevista y no se realizar\u00e1 el tratamiento de datos.<\/p><p>Usted garantiza que los Datos Personales que nos facilite son veraces y correctos, y ser\u00e1 responsable de comunicarnos cualquier modificaci\u00f3n en los mismos.<\/p><p><strong>MEDIDAS DE SEGURIDAD QUE SE APLICAN<\/strong><\/p><p>Maribel Hogar se compromete en el tratamiento de los datos personales de los usuarios; a respetar su confidencialidad y a utilizarlos dentro de la finalidad para la que fueron recabados.<\/p><p>Dentro de nuestro compromiso por garantizar la seguridad y confidencialidad de sus datos de car\u00e1cter personal, le informamos que se han adoptado las medidas de \u00edndole t\u00e9cnica y organizativas necesarias para garantizar la seguridad de los datos de car\u00e1cter personal y evitar su alteraci\u00f3n, p\u00e9rdida, tratamiento o acceso no autorizado, habida cuenta del estado de la tecnolog\u00eda, la naturaleza de los datos almacenados y los riesgos a que est\u00e9n expuestos. No obstante, lo anterior, el usuario debe ser consciente de que las medidas de seguridad en Internet no son inexpugnables.<\/p><p>Respecto a la confidencialidad del procesamiento; se asegurar\u00e1 que cualquier persona que est\u00e9 autorizada para procesar los datos (personal, colaboradores y prestadores) est\u00e9n bajo la obligaci\u00f3n apropiada de confidencialidad.<\/p><p>Usted puede obtener m\u00e1s informaci\u00f3n sobre las medidas de seguridad que aplicamos contactando a trav\u00e9s de los datos indicados en el apartado uno de esta pol\u00edtica de privacidad.<\/p><p><strong>PERIODO DE CONSERVACI\u00d3N DE LOS DATOS<\/strong><\/p><p>Los datos personales ser\u00e1n conservados el tiempo necesario para responder a la solicitud correspondiente o en general mientras dure la relaci\u00f3n comercial o durante el tiempo necesario para cumplir con las obligaciones legales.<\/p><p><strong>DESTINATARIOS A LOS QUE SE COMUNICAN LOS DATOS<\/strong><\/p><p>El usuario conoce y acepta que sus datos personales podr\u00e1n ser facilitados a organismos p\u00fablicos, a terceros cuando sea necesario para cumplir con las finalidades del tratamiento y a empresas colaboradoras para fines administrativos internos, respet\u00e1ndose en todos los casos las medidas de seguridad exigidas por la legislaci\u00f3n vigente en materia de protecci\u00f3n de datos de car\u00e1cter personal.<\/p><p>Se comparten datos con los siguientes proveedores bajo sus correspondientes condiciones de privacidad:<\/p><ul class=\"wp-block-list\"><li>Dinahosting con CIF <strong>B15805419<\/strong>; entidad que nos presta el servicio de almacenamiento web.<\/li><\/ul><p>Se ha firmado el correspondiente contrato de encargo del tratamiento tal como exige la legislaci\u00f3n aplicable. Los datos no ser\u00e1n transmitidos a terceros salvo autorizaci\u00f3n expresa u obligaci\u00f3n legal.<\/p><p><strong>DERECHOS DEL USUARIO<\/strong><\/p><p>El Usuario tiene los siguientes derechos en cuanto al tratamiento de sus datos personales:<\/p><ul class=\"wp-block-list\"><li>Derecho de acceso a sus datos personales.<\/li><li>Derecho de rectificaci\u00f3n de los datos inexactos.<\/li><li>Derecho de supresi\u00f3n de los datos que ya no sean necesarios para los fines que fueron recabados.<\/li><li>Derecho de limitaci\u00f3n en el tratamiento de los datos para una determinada finalidad.<\/li><li>Derecho de portabilidad de los datos.<\/li><li>Derecho de oposici\u00f3n al tratamiento de los datos personales.<\/li><li>Derecho a presentar una reclamaci\u00f3n ante la Agencia Espa\u00f1ola de Protecci\u00f3n de Datos (autoridad de control en materia de Protecci\u00f3n de Datos competente), especialmente cuando no haya obtenido satisfacci\u00f3n en el ejercicio de sus derechos.<\/li><\/ul><p>Usted podr\u00e1 ejercitar sus derechos enviando una solicitud acompa\u00f1ada de copia de su DNI a la direcci\u00f3n o al correo electr\u00f3nico indicado en el apartado 1 de esta pol\u00edtica de privacidad.<\/p><p><strong>POL\u00cdTICA DE PRIVACIDAD EN REDES SOCIALES<\/strong><\/p><p>En cumplimiento de la legislaci\u00f3n comentada se informa a los usuarios, que se ha procedido a crear un perfil en las Redes Sociales Facebook, LinkedIn, Instagram y Twitter, con la finalidad principal de publicitar sus productos y servicios formativos.<\/p><p>El usuario que dispone de un perfil en la misma Red Social y ha decidido unirse a la p\u00e1gina creada, mostrando as\u00ed inter\u00e9s en la informaci\u00f3n que se publicite en la Red nos facilita su consentimiento para el tratamiento de aquellos datos personales publicados en su perfil.<\/p><p>El usuario puede acceder en todo momento a las pol\u00edticas de privacidad de la propia Red Social, as\u00ed como configurar su perfil para garantizar su privacidad.<\/p><p>Maribel Hogar tiene acceso y trata aquella informaci\u00f3n p\u00fablica del usuario, en especial, su nombre de contacto. Estos datos, s\u00f3lo son utilizados dentro de la propia Red Social. No son incorporados a ning\u00fan fichero.<\/p><p>Maribel Hogar realizar\u00e1 las siguientes actuaciones:<\/p><ul class=\"wp-block-list\"><li>Acceso a la informaci\u00f3n p\u00fablica del perfil.<\/li><li>Publicaci\u00f3n en el perfil del usuario de toda aquella informaci\u00f3n ya publicada en su p\u00e1gina.<\/li><li>Enviar mensajes personales e individuales a trav\u00e9s de los canales de la Red Social.<\/li><li>Actualizaciones del estado de la p\u00e1gina que se publicar\u00e1n en el perfil del usuario.<\/li><\/ul><p>El usuario siempre puede controlar sus conexiones, eliminar los contenidos que dejen de interesarle y restringir con qui\u00e9n comparte sus conexiones, para ello deber\u00e1 acceder a su configuraci\u00f3n de privacidad.<\/p><p>El usuario, una vez unido a la red social, podr\u00e1 publicar en \u00e9sta \u00faltima comentarios, enlaces, im\u00e1genes o fotograf\u00edas o cualquier otro tipo de contenido multimedia soportado por la Red Social. El usuario, en todos los casos, debe ser el titular de los mismos, gozar de los derechos de autor y de propiedad intelectual o contar con el consentimiento de los terceros afectados. Se proh\u00edbe expresamente cualquier publicaci\u00f3n en la p\u00e1gina, ya sean textos, gr\u00e1ficos, fotograf\u00edas, v\u00eddeos, etc. que atenten o sean susceptibles de atentar contra la moral, la \u00e9tica, el buen gusto o el decoro, y\/o que infrinjan, violen o quebranten los derechos de propiedad intelectual o industrial, el derecho a la imagen o la Ley. En estos casos, estudios4aguas se reserva el derecho a retirar de inmediato el contenido, pudiendo solicitar el bloqueo permanente del usuario.<\/p><p>Maribel Hogar no se har\u00e1 responsable de los contenidos que libremente ha publicado un usuario. El usuario debe tener presente que sus publicaciones ser\u00e1n conocidas por los otros usuarios, por lo que \u00e9l mismo es el principal responsable de su privacidad.<\/p><p>Las im\u00e1genes que puedan publicarse en la p\u00e1gina no ser\u00e1n almacenadas en ning\u00fan fichero por nuestra parte, pero s\u00ed que permanecer\u00e1n en la Red Social.<\/p><p>Maribel Hogar se reserva el derecho a realizar concursos y promociones, en los que podr\u00e1 participar el usuario unido a su p\u00e1gina. Las bases de cada uno de ellos, cuando se utilice para ello la plataforma de la Red Social, ser\u00e1n publicadas en la misma. Cumpliendo siempre con la LSSI-CE y con cualquier otra norma que le sea de aplicaci\u00f3n.<\/p><p>La Red Social no patrocina, avala ni administra, de modo alguno, ninguna de nuestras promociones, ni est\u00e1 asociada a ninguna de ellas.<\/p><p>Maribel Hogar tambi\u00e9n podr\u00e1 utilizar la Red Social para publicitar sus productos y servicios formativos, en todo caso, si decide tratar sus datos de contacto para realizar acciones directas de prospecci\u00f3n comercial, ser\u00e1 siempre, cumpliendo con las exigencias legales del RGPD, la LOPD y de la LSSI-CE.<\/p><p><strong>CAMBIOS EN LA POLITICA DE PRIVACIDAD<\/strong><\/p><p>Centrodiet\u00a0 podr\u00e1 modificar la presente pol\u00edtica de privacidad para adaptarla a las novedades legislativas, jurisprudenciales o de interpretaci\u00f3n de la Agencia Espa\u00f1ola de Protecci\u00f3n de Datos. Estas condiciones de privacidad podr\u00e1n ser complementadas por el Aviso Legal, Pol\u00edtica de Cookies y las Condiciones Generales que, en su caso, se recojan para determinados productos o servicios, si dicho acceso supone alguna especialidad en materia de protecci\u00f3n de datos de car\u00e1cter personal.<\/p><\/div>\n\t\t\t\t<\/div>\n\t\t\t\t\t<\/div>\n\t\t\t\t<\/div>\t\t<\/div>","protected":false},"excerpt":{"rendered":"<p>Nos tomamos muy en serio el respeto a la privacidad y la protecci\u00f3n de los datos personales de nuestros usuarios. A continuaci\u00f3n, explicamos c\u00f3mo recopilamos los datos y el tratamiento que realizamos sobre estos. DATOS DEL RESPONSABLE DEL TRATAMIENTO NORMATIVA APLICABLE Esta Pol\u00edtica de Privacidad se ha dise\u00f1ado de acuerdo con el Reglamento UE 2016\/679 [&hellip;]<\/p>","protected":false},"author":1,"featured_media":0,"parent":0,"menu_order":0,"comment_status":"closed","ping_status":"closed","template":"","meta":{"_surecart_dashboard_logo_width":"180px","_surecart_dashboard_show_logo":true,"_surecart_dashboard_navigation_orders":true,"_surecart_dashboard_navigation_invoices":true,"_surecart_dashboard_navigation_subscriptions":true,"_surecart_dashboard_navigation_downloads":true,"_surecart_dashboard_navigation_billing":true,"_surecart_dashboard_navigation_account":true,"site-sidebar-layout":"default","site-content-layout":"","ast-site-content-layout":"default","site-content-style":"default","site-sidebar-style":"default","ast-global-header-display":"","ast-banner-title-visibility":"","ast-main-header-display":"","ast-hfb-above-header-display":"","ast-hfb-below-header-display":"","ast-hfb-mobile-header-display":"","site-post-title":"","ast-breadcrumbs-content":"","ast-featured-img":"","footer-sml-layout":"","theme-transparent-header-meta":"","adv-header-id-meta":"","stick-header-meta":"","header-above-stick-meta":"","header-main-stick-meta":"","header-below-stick-meta":"","astra-migrate-meta-layouts":"set","ast-page-background-enabled":"default","ast-page-background-meta":{"desktop":{"background-color":"","background-image":"","background-repeat":"repeat","background-position":"center center","background-size":"auto","background-attachment":"scroll","background-type":"","background-media":"","overlay-type":"","overlay-color":"","overlay-opacity":"","overlay-gradient":""},"tablet":{"background-color":"","background-image":"","background-repeat":"repeat","background-position":"center center","background-size":"auto","background-attachment":"scroll","background-type":"","background-media":"","overlay-type":"","overlay-color":"","overlay-opacity":"","overlay-gradient":""},"mobile":{"background-color":"","background-image":"","background-repeat":"repeat","background-position":"center center","background-size":"auto","background-attachment":"scroll","background-type":"","background-media":"","overlay-type":"","overlay-color":"","overlay-opacity":"","overlay-gradient":""}},"ast-content-background-meta":{"desktop":{"background-color":"var(--ast-global-color-5)","background-image":"","background-repeat":"repeat","background-position":"center center","background-size":"auto","background-attachment":"scroll","background-type":"","background-media":"","overlay-type":"","overlay-color":"","overlay-opacity":"","overlay-gradient":""},"tablet":{"background-color":"var(--ast-global-color-5)","background-image":"","background-repeat":"repeat","background-position":"center center","background-size":"auto","background-attachment":"scroll","background-type":"","background-media":"","overlay-type":"","overlay-color":"","overlay-opacity":"","overlay-gradient":""},"mobile":{"background-color":"var(--ast-global-color-5)","background-image":"","background-repeat":"repeat","background-position":"center center","background-size":"auto","background-attachment":"scroll","background-type":"","background-media":"","overlay-type":"","overlay-color":"","overlay-opacity":"","overlay-gradient":""}},"footnotes":""},"class_list":["post-6111","page","type-page","status-publish","hentry"],"_links":{"self":[{"href":"http:\/\/maribelhogar.com\/en\/wp-json\/wp\/v2\/pages\/6111","targetHints":{"allow":["GET"]}}],"collection":[{"href":"http:\/\/maribelhogar.com\/en\/wp-json\/wp\/v2\/pages"}],"about":[{"href":"http:\/\/maribelhogar.com\/en\/wp-json\/wp\/v2\/types\/page"}],"author":[{"embeddable":true,"href":"http:\/\/maribelhogar.com\/en\/wp-json\/wp\/v2\/users\/1"}],"replies":[{"embeddable":true,"href":"http:\/\/maribelhogar.com\/en\/wp-json\/wp\/v2\/comments?post=6111"}],"version-history":[{"count":5,"href":"http:\/\/maribelhogar.com\/en\/wp-json\/wp\/v2\/pages\/6111\/revisions"}],"predecessor-version":[{"id":7096,"href":"http:\/\/maribelhogar.com\/en\/wp-json\/wp\/v2\/pages\/6111\/revisions\/7096"}],"wp:attachment":[{"href":"http:\/\/maribelhogar.com\/en\/wp-json\/wp\/v2\/media?parent=6111"}],"curies":[{"name":"wp","href":"https:\/\/api.w.org\/{rel}","templated":true}]}}