{"id":6115,"date":"2024-10-20T15:17:15","date_gmt":"2024-10-20T15:17:15","guid":{"rendered":"http:\/\/maribelhogar.com\/?page_id=6115"},"modified":"2024-10-20T15:17:15","modified_gmt":"2024-10-20T15:17:15","slug":"accesibilidad","status":"publish","type":"page","link":"http:\/\/maribelhogar.com\/en\/accesibilidad\/","title":{"rendered":"Accesibilidad"},"content":{"rendered":"<p>Despu\u00e9s de llevar a cabo un an\u00e1lisis exhaustivo de la web www.maribelhogar.com se ha comprobado que cumple con las normativas de accesibilidad establecidas por el World Wide Web Consortium (W3C) en el nivel WCAG 2.1 AA. Esto significa que la p\u00e1gina web ha sido dise\u00f1ada y desarrollada de manera tal que permite a las personas con discapacidad tener un acceso igualitario y sin obst\u00e1culos a su contenido y funcionalidad.<\/p><p>Se han evaluado todos los criterios de accesibilidad esenciales, incluyendo pero no limitados a: el contenido en texto alternativo para im\u00e1genes, la navegaci\u00f3n con teclado, la estructura y organizaci\u00f3n del contenido, la comprensi\u00f3n de la p\u00e1gina, la compatibilidad con tecnolog\u00edas de asistencia, y la compatibilidad con diferentes tipos de discapacidad, entre otros.<\/p><p>Es importante destacar que el cumplimiento con las normativas de accesibilidad no solo mejora la experiencia de los usuarios con discapacidad, sino que tambi\u00e9n contribuye a mejorar la accesibilidad y usabilidad de la p\u00e1gina para todos los usuarios.<\/p><p>En resumen, se puede afirmar con seguridad que la p\u00e1gina web en cuesti\u00f3n cumple con los est\u00e1ndares de accesibilidad de WCAG 2.1 AA y est\u00e1 en l\u00ednea con las mejores pr\u00e1cticas en materia de accesibilidad&nbsp;web.<\/p>","protected":false},"excerpt":{"rendered":"<p>Despu\u00e9s de llevar a cabo un an\u00e1lisis exhaustivo de la web www.maribelhogar.com se ha comprobado que cumple con las normativas de accesibilidad establecidas por el World Wide Web Consortium (W3C) en el nivel WCAG 2.1 AA. Esto significa que la p\u00e1gina web ha sido dise\u00f1ada y desarrollada de manera tal que permite a las personas [&hellip;]<\/p>","protected":false},"author":1,"featured_media":0,"parent":0,"menu_order":0,"comment_status":"closed","ping_status":"closed","template":"","meta":{"_surecart_dashboard_logo_width":"180px","_surecart_dashboard_show_logo":true,"_surecart_dashboard_navigation_orders":true,"_surecart_dashboard_navigation_invoices":true,"_surecart_dashboard_navigation_subscriptions":true,"_surecart_dashboard_navigation_downloads":true,"_surecart_dashboard_navigation_billing":true,"_surecart_dashboard_navigation_account":true,"site-sidebar-layout":"default","site-content-layout":"","ast-site-content-layout":"default","site-content-style":"default","site-sidebar-style":"default","ast-global-header-display":"","ast-banner-title-visibility":"","ast-main-header-display":"","ast-hfb-above-header-display":"","ast-hfb-below-header-display":"","ast-hfb-mobile-header-display":"","site-post-title":"","ast-breadcrumbs-content":"","ast-featured-img":"","footer-sml-layout":"","theme-transparent-header-meta":"","adv-header-id-meta":"","stick-header-meta":"","header-above-stick-meta":"","header-main-stick-meta":"","header-below-stick-meta":"","astra-migrate-meta-layouts":"set","ast-page-background-enabled":"default","ast-page-background-meta":{"desktop":{"background-color":"","background-image":"","background-repeat":"repeat","background-position":"center center","background-size":"auto","background-attachment":"scroll","background-type":"","background-media":"","overlay-type":"","overlay-color":"","overlay-opacity":"","overlay-gradient":""},"tablet":{"background-color":"","background-image":"","background-repeat":"repeat","background-position":"center center","background-size":"auto","background-attachment":"scroll","background-type":"","background-media":"","overlay-type":"","overlay-color":"","overlay-opacity":"","overlay-gradient":""},"mobile":{"background-color":"","background-image":"","background-repeat":"repeat","background-position":"center center","background-size":"auto","background-attachment":"scroll","background-type":"","background-media":"","overlay-type":"","overlay-color":"","overlay-opacity":"","overlay-gradient":""}},"ast-content-background-meta":{"desktop":{"background-color":"var(--ast-global-color-5)","background-image":"","background-repeat":"repeat","background-position":"center center","background-size":"auto","background-attachment":"scroll","background-type":"","background-media":"","overlay-type":"","overlay-color":"","overlay-opacity":"","overlay-gradient":""},"tablet":{"background-color":"var(--ast-global-color-5)","background-image":"","background-repeat":"repeat","background-position":"center center","background-size":"auto","background-attachment":"scroll","background-type":"","background-media":"","overlay-type":"","overlay-color":"","overlay-opacity":"","overlay-gradient":""},"mobile":{"background-color":"var(--ast-global-color-5)","background-image":"","background-repeat":"repeat","background-position":"center center","background-size":"auto","background-attachment":"scroll","background-type":"","background-media":"","overlay-type":"","overlay-color":"","overlay-opacity":"","overlay-gradient":""}},"footnotes":""},"class_list":["post-6115","page","type-page","status-publish","hentry"],"_links":{"self":[{"href":"http:\/\/maribelhogar.com\/en\/wp-json\/wp\/v2\/pages\/6115","targetHints":{"allow":["GET"]}}],"collection":[{"href":"http:\/\/maribelhogar.com\/en\/wp-json\/wp\/v2\/pages"}],"about":[{"href":"http:\/\/maribelhogar.com\/en\/wp-json\/wp\/v2\/types\/page"}],"author":[{"embeddable":true,"href":"http:\/\/maribelhogar.com\/en\/wp-json\/wp\/v2\/users\/1"}],"replies":[{"embeddable":true,"href":"http:\/\/maribelhogar.com\/en\/wp-json\/wp\/v2\/comments?post=6115"}],"version-history":[{"count":1,"href":"http:\/\/maribelhogar.com\/en\/wp-json\/wp\/v2\/pages\/6115\/revisions"}],"predecessor-version":[{"id":6116,"href":"http:\/\/maribelhogar.com\/en\/wp-json\/wp\/v2\/pages\/6115\/revisions\/6116"}],"wp:attachment":[{"href":"http:\/\/maribelhogar.com\/en\/wp-json\/wp\/v2\/media?parent=6115"}],"curies":[{"name":"wp","href":"https:\/\/api.w.org\/{rel}","templated":true}]}}