{"id":10309,"date":"2025-12-01T17:43:36","date_gmt":"2025-12-01T17:43:36","guid":{"rendered":"https:\/\/maribelhogar.com\/?post_type=product&#038;p=10309"},"modified":"2025-12-01T17:43:37","modified_gmt":"2025-12-01T17:43:37","slug":"sherpa-estampada-himalaias-ankeli","status":"publish","type":"product","link":"http:\/\/maribelhogar.com\/en\/dormitorios\/colchas\/boutis\/sherpa-estampada-himalaias-ankeli\/","title":{"rendered":"Sherpa Estampada Himalaias, Ankeli"},"content":{"rendered":"<p>MEDIDAS | 90 | 105 | 135 | 150 | 180 |<\/p>\n<p>COLOR | ROSA | BEIGE |<\/p>","protected":false},"excerpt":{"rendered":"<hr \/>\n<div class=\"w-post-elm product_field price us_custom_2c843678\">Desde <span class=\"woocommerce-Price-amount amount\"><bdi>24,50<span class=\"woocommerce-Price-currencySymbol\">\u20ac<\/span><\/bdi><\/span><\/div>\n<div class=\"w-post-elm post_content\">\n<p>Conforter Sherpa Himalaia Ankeli. Dise\u00f1o y confort para tu hogar. Una sherpa con un dise\u00f1o original y elegante, que ofrece un descanso c\u00e1lido y de calidad.<\/p>\n<p>La medida de 90 y 105 incluye un coj\u00edn y las medidas de 135, 150 y 180 dos cojines.<\/p>\n<\/div>","protected":false},"featured_media":10307,"comment_status":"open","ping_status":"closed","template":"","meta":{"_surecart_dashboard_logo_width":"180px","_surecart_dashboard_show_logo":true,"_surecart_dashboard_navigation_orders":true,"_surecart_dashboard_navigation_invoices":true,"_surecart_dashboard_navigation_subscriptions":true,"_surecart_dashboard_navigation_downloads":true,"_surecart_dashboard_navigation_billing":true,"_surecart_dashboard_navigation_account":true,"site-sidebar-layout":"default","site-content-layout":"","ast-site-content-layout":"default","site-content-style":"default","site-sidebar-style":"default","ast-global-header-display":"","ast-banner-title-visibility":"","ast-main-header-display":"","ast-hfb-above-header-display":"","ast-hfb-below-header-display":"","ast-hfb-mobile-header-display":"","site-post-title":"","ast-breadcrumbs-content":"","ast-featured-img":"","footer-sml-layout":"","theme-transparent-header-meta":"default","adv-header-id-meta":"","stick-header-meta":"","header-above-stick-meta":"","header-main-stick-meta":"","header-below-stick-meta":"","astra-migrate-meta-layouts":"set","ast-page-background-enabled":"default","ast-page-background-meta":{"desktop":{"background-color":"","background-image":"","background-repeat":"repeat","background-position":"center center","background-size":"auto","background-attachment":"scroll","background-type":"","background-media":"","overlay-type":"","overlay-color":"","overlay-opacity":"","overlay-gradient":""},"tablet":{"background-color":"","background-image":"","background-repeat":"repeat","background-position":"center center","background-size":"auto","background-attachment":"scroll","background-type":"","background-media":"","overlay-type":"","overlay-color":"","overlay-opacity":"","overlay-gradient":""},"mobile":{"background-color":"","background-image":"","background-repeat":"repeat","background-position":"center center","background-size":"auto","background-attachment":"scroll","background-type":"","background-media":"","overlay-type":"","overlay-color":"","overlay-opacity":"","overlay-gradient":""}},"ast-content-background-meta":{"desktop":{"background-color":"var(--ast-global-color-5)","background-image":"","background-repeat":"repeat","background-position":"center center","background-size":"auto","background-attachment":"scroll","background-type":"","background-media":"","overlay-type":"","overlay-color":"","overlay-opacity":"","overlay-gradient":""},"tablet":{"background-color":"var(--ast-global-color-5)","background-image":"","background-repeat":"repeat","background-position":"center center","background-size":"auto","background-attachment":"scroll","background-type":"","background-media":"","overlay-type":"","overlay-color":"","overlay-opacity":"","overlay-gradient":""},"mobile":{"background-color":"var(--ast-global-color-5)","background-image":"","background-repeat":"repeat","background-position":"center center","background-size":"auto","background-attachment":"scroll","background-type":"","background-media":"","overlay-type":"","overlay-color":"","overlay-opacity":"","overlay-gradient":""}}},"product_brand":[],"product_cat":[94],"product_tag":[],"class_list":{"0":"post-10309","1":"product","2":"type-product","3":"status-publish","4":"has-post-thumbnail","6":"product_cat-boutis","7":"desktop-align-center","8":"tablet-align-center","9":"mobile-align-center","11":"first","12":"instock","13":"taxable","14":"shipping-taxable","15":"purchasable","16":"product-type-variable"},"_links":{"self":[{"href":"http:\/\/maribelhogar.com\/en\/wp-json\/wp\/v2\/product\/10309","targetHints":{"allow":["GET"]}}],"collection":[{"href":"http:\/\/maribelhogar.com\/en\/wp-json\/wp\/v2\/product"}],"about":[{"href":"http:\/\/maribelhogar.com\/en\/wp-json\/wp\/v2\/types\/product"}],"replies":[{"embeddable":true,"href":"http:\/\/maribelhogar.com\/en\/wp-json\/wp\/v2\/comments?post=10309"}],"wp:featuredmedia":[{"embeddable":true,"href":"http:\/\/maribelhogar.com\/en\/wp-json\/wp\/v2\/media\/10307"}],"wp:attachment":[{"href":"http:\/\/maribelhogar.com\/en\/wp-json\/wp\/v2\/media?parent=10309"}],"wp:term":[{"taxonomy":"product_brand","embeddable":true,"href":"http:\/\/maribelhogar.com\/en\/wp-json\/wp\/v2\/product_brand?post=10309"},{"taxonomy":"product_cat","embeddable":true,"href":"http:\/\/maribelhogar.com\/en\/wp-json\/wp\/v2\/product_cat?post=10309"},{"taxonomy":"product_tag","embeddable":true,"href":"http:\/\/maribelhogar.com\/en\/wp-json\/wp\/v2\/product_tag?post=10309"}],"curies":[{"name":"wp","href":"https:\/\/api.w.org\/{rel}","templated":true}]}}