{"id":10364,"date":"2025-12-01T19:56:55","date_gmt":"2025-12-01T19:56:55","guid":{"rendered":"https:\/\/maribelhogar.com\/?post_type=product&#038;p=10364"},"modified":"2026-03-07T02:25:33","modified_gmt":"2026-03-07T02:25:33","slug":"juego-sabanas-liso-ankeli","status":"publish","type":"product","link":"http:\/\/maribelhogar.com\/en\/dormitorios\/sabanas\/verano\/polycotton\/ankeli-polycotton\/juego-sabanas-liso-ankeli\/","title":{"rendered":"Juego S\u00e1banas Liso, Ankeli"},"content":{"rendered":"<div class=\"g-cols wpb_row via_flex valign_top type_default\">\n<div class=\"vc_col-sm-6 wpb_column vc_column_container\">\n<div class=\"vc_column-inner\">\n<div class=\"wpb_wrapper\">\n<div class=\"w-tabs layout_hor style_default switch_click has_scrolling initialized\">\n<div class=\"w-tabs-sections titles-align_none icon_chevron cpos_right\">\n<div id=\"description\" class=\"w-tabs-section active\">\n<div id=\"content-description\" class=\"w-tabs-section-content\" aria-expanded=\"true\">\n<div class=\"w-tabs-section-content-h i-cf\">\n<div class=\"w-post-elm post_content\">\n<p>Medidas:<\/p>\n<ul>\n<li>Cama de 90:\u00a0 Encimera;160\u00d7270\u00a0 \u00a0Almohada;45\u00d7110\u00a0 \u00a0 Bajera; 90\u00d7190\/200 cm<\/li>\n<li>Cama de 105:\u00a0 Encimera;180\u00d7270\u00a0 \u00a0Almohada;45\u00d7145\u00a0 \u00a0Bajera; 105\u00d7190\/200 cm<\/li>\n<li>Cama de 135:\u00a0 Encimera;210\u00d7270\u00a0 \u00a0Almohada;45\u00d7155\u00a0 \u00a0Bajera; 135\u00d7190\/200 cm<\/li>\n<li>Cama de 150:\u00a0 Encimera;230\u00d7270\u00a0 \u00a0Almohada;45\u00d7170\u00a0 \u00a0Bajera; 150\u00d7190\/200 cm<\/li>\n<li>Cama de 180:\u00a0 Encimera;270\u00d7270\u00a0 \u00a0Almohada;45\u00d7110(2)\u00a0 \u00a0Bajera; 180\u00d7190\/200 cm<\/li>\n<li>Cama de 200:\u00a0 Encimera;280\u00d7270\u00a0 \u00a0Almohada;45\u00d7115(2)\u00a0 \u00a0Bajera; 200\u00d7190\/200 cm<\/li>\n<\/ul>\n<\/div>\n<\/div>\n<\/div>\n<\/div>\n<\/div>\n<\/div>\n<\/div>\n<\/div>\n<\/div>\n<\/div>\n<div class=\"w-separator size_medium with_line width_default thick_1 style_solid color_border align_center\">\n<div class=\"w-separator-h\"><\/div>\n<\/div>","protected":false},"excerpt":{"rendered":"<div class=\"w-post-elm product_field price us_custom_2c843678\">Desde <span class=\"woocommerce-Price-amount amount\"><bdi>8,95<span class=\"woocommerce-Price-currencySymbol\">\u20ac<\/span><\/bdi><\/span><\/div>\n<div class=\"w-post-elm post_content\">\n<p>Juego de s\u00e1banas de verano de nuestra marca <strong>Ankeli<\/strong>.<\/p>\n<p>Juego compuesto de 3 piezas. bajera, encimera y funda de almohada<\/p>\n<p>Composici\u00f3n: 50% poli\u00e9ster 50% algod\u00f3n<\/p>\n<\/div>","protected":false},"featured_media":10365,"comment_status":"open","ping_status":"closed","template":"","meta":{"_surecart_dashboard_logo_width":"180px","_surecart_dashboard_show_logo":true,"_surecart_dashboard_navigation_orders":true,"_surecart_dashboard_navigation_invoices":true,"_surecart_dashboard_navigation_subscriptions":true,"_surecart_dashboard_navigation_downloads":true,"_surecart_dashboard_navigation_billing":true,"_surecart_dashboard_navigation_account":true,"site-sidebar-layout":"default","site-content-layout":"","ast-site-content-layout":"default","site-content-style":"default","site-sidebar-style":"default","ast-global-header-display":"","ast-banner-title-visibility":"","ast-main-header-display":"","ast-hfb-above-header-display":"","ast-hfb-below-header-display":"","ast-hfb-mobile-header-display":"","site-post-title":"","ast-breadcrumbs-content":"","ast-featured-img":"","footer-sml-layout":"","theme-transparent-header-meta":"default","adv-header-id-meta":"","stick-header-meta":"","header-above-stick-meta":"","header-main-stick-meta":"","header-below-stick-meta":"","astra-migrate-meta-layouts":"set","ast-page-background-enabled":"default","ast-page-background-meta":{"desktop":{"background-color":"","background-image":"","background-repeat":"repeat","background-position":"center center","background-size":"auto","background-attachment":"scroll","background-type":"","background-media":"","overlay-type":"","overlay-color":"","overlay-opacity":"","overlay-gradient":""},"tablet":{"background-color":"","background-image":"","background-repeat":"repeat","background-position":"center center","background-size":"auto","background-attachment":"scroll","background-type":"","background-media":"","overlay-type":"","overlay-color":"","overlay-opacity":"","overlay-gradient":""},"mobile":{"background-color":"","background-image":"","background-repeat":"repeat","background-position":"center center","background-size":"auto","background-attachment":"scroll","background-type":"","background-media":"","overlay-type":"","overlay-color":"","overlay-opacity":"","overlay-gradient":""}},"ast-content-background-meta":{"desktop":{"background-color":"var(--ast-global-color-5)","background-image":"","background-repeat":"repeat","background-position":"center center","background-size":"auto","background-attachment":"scroll","background-type":"","background-media":"","overlay-type":"","overlay-color":"","overlay-opacity":"","overlay-gradient":""},"tablet":{"background-color":"var(--ast-global-color-5)","background-image":"","background-repeat":"repeat","background-position":"center center","background-size":"auto","background-attachment":"scroll","background-type":"","background-media":"","overlay-type":"","overlay-color":"","overlay-opacity":"","overlay-gradient":""},"mobile":{"background-color":"var(--ast-global-color-5)","background-image":"","background-repeat":"repeat","background-position":"center center","background-size":"auto","background-attachment":"scroll","background-type":"","background-media":"","overlay-type":"","overlay-color":"","overlay-opacity":"","overlay-gradient":""}}},"product_brand":[],"product_cat":[178],"product_tag":[],"class_list":{"0":"post-10364","1":"product","2":"type-product","3":"status-publish","4":"has-post-thumbnail","6":"product_cat-ankeli-polycotton","7":"desktop-align-center","8":"tablet-align-center","9":"mobile-align-center","11":"first","12":"instock","13":"taxable","14":"shipping-taxable","15":"purchasable","16":"product-type-variable"},"_links":{"self":[{"href":"http:\/\/maribelhogar.com\/en\/wp-json\/wp\/v2\/product\/10364","targetHints":{"allow":["GET"]}}],"collection":[{"href":"http:\/\/maribelhogar.com\/en\/wp-json\/wp\/v2\/product"}],"about":[{"href":"http:\/\/maribelhogar.com\/en\/wp-json\/wp\/v2\/types\/product"}],"replies":[{"embeddable":true,"href":"http:\/\/maribelhogar.com\/en\/wp-json\/wp\/v2\/comments?post=10364"}],"wp:featuredmedia":[{"embeddable":true,"href":"http:\/\/maribelhogar.com\/en\/wp-json\/wp\/v2\/media\/10365"}],"wp:attachment":[{"href":"http:\/\/maribelhogar.com\/en\/wp-json\/wp\/v2\/media?parent=10364"}],"wp:term":[{"taxonomy":"product_brand","embeddable":true,"href":"http:\/\/maribelhogar.com\/en\/wp-json\/wp\/v2\/product_brand?post=10364"},{"taxonomy":"product_cat","embeddable":true,"href":"http:\/\/maribelhogar.com\/en\/wp-json\/wp\/v2\/product_cat?post=10364"},{"taxonomy":"product_tag","embeddable":true,"href":"http:\/\/maribelhogar.com\/en\/wp-json\/wp\/v2\/product_tag?post=10364"}],"curies":[{"name":"wp","href":"https:\/\/api.w.org\/{rel}","templated":true}]}}