{"id":10734,"date":"2026-01-21T18:09:47","date_gmt":"2026-01-21T18:09:47","guid":{"rendered":"https:\/\/maribelhogar.com\/?post_type=product&#038;p=10734"},"modified":"2026-01-21T18:09:47","modified_gmt":"2026-01-21T18:09:47","slug":"sabanas-franela-hugo-ankeli","status":"publish","type":"product","link":"http:\/\/maribelhogar.com\/en\/dormitorios\/sabanas\/franela\/ankeli-franela\/sabanas-franela-hugo-ankeli\/","title":{"rendered":"S\u00e1banas Franela Hugo, Ankeli"},"content":{"rendered":"<div id=\"content-description\" class=\"w-tabs-section-content\" aria-expanded=\"true\">\n<div class=\"w-tabs-section-content-h i-cf\">\n<div class=\"w-post-elm post_content\">\n<p>MEDIDAS 90 | 105 | 135 | 150 | 180 |<\/p>\n<p>COLOR | GRIS | VERDE | LINO |<\/p>\n<p>S\u00e1banas de franela Hugo Ankeli, suaves y confortables.<\/p>\n<\/div>\n<\/div>\n<\/div>","protected":false},"excerpt":{"rendered":"<div class=\"w-post-elm post_content\">\n<p>S\u00e1banas franela Hogo de Ankel\u00ed. S\u00e1banas de c\u00e1lidad para el invierno que aseguran un c\u00e1lido y agradable descanso. Un estilo sencillo y original para tu dormitorio.<\/p>\n<p>Juego compuesto por tres piezas: bajera, encimera y funda de almohada.<\/p>\n<\/div>\n<div class=\"w-separator size_small\"><\/div>","protected":false},"featured_media":10735,"comment_status":"open","ping_status":"closed","template":"","meta":{"_surecart_dashboard_logo_width":"180px","_surecart_dashboard_show_logo":true,"_surecart_dashboard_navigation_orders":true,"_surecart_dashboard_navigation_invoices":true,"_surecart_dashboard_navigation_subscriptions":true,"_surecart_dashboard_navigation_downloads":true,"_surecart_dashboard_navigation_billing":true,"_surecart_dashboard_navigation_account":true,"site-sidebar-layout":"default","site-content-layout":"","ast-site-content-layout":"default","site-content-style":"default","site-sidebar-style":"default","ast-global-header-display":"","ast-banner-title-visibility":"","ast-main-header-display":"","ast-hfb-above-header-display":"","ast-hfb-below-header-display":"","ast-hfb-mobile-header-display":"","site-post-title":"","ast-breadcrumbs-content":"","ast-featured-img":"","footer-sml-layout":"","theme-transparent-header-meta":"default","adv-header-id-meta":"","stick-header-meta":"","header-above-stick-meta":"","header-main-stick-meta":"","header-below-stick-meta":"","astra-migrate-meta-layouts":"set","ast-page-background-enabled":"default","ast-page-background-meta":{"desktop":{"background-color":"","background-image":"","background-repeat":"repeat","background-position":"center center","background-size":"auto","background-attachment":"scroll","background-type":"","background-media":"","overlay-type":"","overlay-color":"","overlay-opacity":"","overlay-gradient":""},"tablet":{"background-color":"","background-image":"","background-repeat":"repeat","background-position":"center center","background-size":"auto","background-attachment":"scroll","background-type":"","background-media":"","overlay-type":"","overlay-color":"","overlay-opacity":"","overlay-gradient":""},"mobile":{"background-color":"","background-image":"","background-repeat":"repeat","background-position":"center center","background-size":"auto","background-attachment":"scroll","background-type":"","background-media":"","overlay-type":"","overlay-color":"","overlay-opacity":"","overlay-gradient":""}},"ast-content-background-meta":{"desktop":{"background-color":"var(--ast-global-color-5)","background-image":"","background-repeat":"repeat","background-position":"center center","background-size":"auto","background-attachment":"scroll","background-type":"","background-media":"","overlay-type":"","overlay-color":"","overlay-opacity":"","overlay-gradient":""},"tablet":{"background-color":"var(--ast-global-color-5)","background-image":"","background-repeat":"repeat","background-position":"center center","background-size":"auto","background-attachment":"scroll","background-type":"","background-media":"","overlay-type":"","overlay-color":"","overlay-opacity":"","overlay-gradient":""},"mobile":{"background-color":"var(--ast-global-color-5)","background-image":"","background-repeat":"repeat","background-position":"center center","background-size":"auto","background-attachment":"scroll","background-type":"","background-media":"","overlay-type":"","overlay-color":"","overlay-opacity":"","overlay-gradient":""}}},"product_brand":[],"product_cat":[99],"product_tag":[],"class_list":{"0":"post-10734","1":"product","2":"type-product","3":"status-publish","4":"has-post-thumbnail","6":"product_cat-ankeli-franela","7":"desktop-align-center","8":"tablet-align-center","9":"mobile-align-center","11":"first","12":"instock","13":"taxable","14":"shipping-taxable","15":"purchasable","16":"product-type-variable"},"_links":{"self":[{"href":"http:\/\/maribelhogar.com\/en\/wp-json\/wp\/v2\/product\/10734","targetHints":{"allow":["GET"]}}],"collection":[{"href":"http:\/\/maribelhogar.com\/en\/wp-json\/wp\/v2\/product"}],"about":[{"href":"http:\/\/maribelhogar.com\/en\/wp-json\/wp\/v2\/types\/product"}],"replies":[{"embeddable":true,"href":"http:\/\/maribelhogar.com\/en\/wp-json\/wp\/v2\/comments?post=10734"}],"wp:featuredmedia":[{"embeddable":true,"href":"http:\/\/maribelhogar.com\/en\/wp-json\/wp\/v2\/media\/10735"}],"wp:attachment":[{"href":"http:\/\/maribelhogar.com\/en\/wp-json\/wp\/v2\/media?parent=10734"}],"wp:term":[{"taxonomy":"product_brand","embeddable":true,"href":"http:\/\/maribelhogar.com\/en\/wp-json\/wp\/v2\/product_brand?post=10734"},{"taxonomy":"product_cat","embeddable":true,"href":"http:\/\/maribelhogar.com\/en\/wp-json\/wp\/v2\/product_cat?post=10734"},{"taxonomy":"product_tag","embeddable":true,"href":"http:\/\/maribelhogar.com\/en\/wp-json\/wp\/v2\/product_tag?post=10734"}],"curies":[{"name":"wp","href":"https:\/\/api.w.org\/{rel}","templated":true}]}}