{"id":9881,"date":"2025-10-15T18:53:51","date_gmt":"2025-10-15T18:53:51","guid":{"rendered":"https:\/\/maribelhogar.com\/?post_type=product&#038;p=9881"},"modified":"2025-11-24T22:33:41","modified_gmt":"2025-11-24T22:33:41","slug":"sherpa-estampada-cala-ankeli","status":"publish","type":"product","link":"http:\/\/maribelhogar.com\/en\/dormitorios\/colchas\/boutis\/sherpa-estampada-cala-ankeli\/","title":{"rendered":"Sherpa Estampada Cala, Ankel\u00ed"},"content":{"rendered":"<p>MEDIDAS 90 | 105 | 135 | 150 |180<\/p>","protected":false},"excerpt":{"rendered":"<p>Conforter Sherpa Cala, estampada, c\u00e1lida y elegante. Una gran opci\u00f3n para los meses de invierno, ofrece un gran confort y dise\u00f1o. Perfecta para cualquier dormitorio.<\/p>\n<p>La medida de 90 y 105 incluye un coj\u00edn y las medidas de 135, 150 y 180 dos cojines.<\/p>","protected":false},"featured_media":9882,"comment_status":"open","ping_status":"closed","template":"","meta":{"_surecart_dashboard_logo_width":"180px","_surecart_dashboard_show_logo":true,"_surecart_dashboard_navigation_orders":true,"_surecart_dashboard_navigation_invoices":true,"_surecart_dashboard_navigation_subscriptions":true,"_surecart_dashboard_navigation_downloads":true,"_surecart_dashboard_navigation_billing":true,"_surecart_dashboard_navigation_account":true,"site-sidebar-layout":"default","site-content-layout":"","ast-site-content-layout":"default","site-content-style":"default","site-sidebar-style":"default","ast-global-header-display":"","ast-banner-title-visibility":"","ast-main-header-display":"","ast-hfb-above-header-display":"","ast-hfb-below-header-display":"","ast-hfb-mobile-header-display":"","site-post-title":"","ast-breadcrumbs-content":"","ast-featured-img":"","footer-sml-layout":"","theme-transparent-header-meta":"default","adv-header-id-meta":"","stick-header-meta":"","header-above-stick-meta":"","header-main-stick-meta":"","header-below-stick-meta":"","astra-migrate-meta-layouts":"set","ast-page-background-enabled":"default","ast-page-background-meta":{"desktop":{"background-color":"","background-image":"","background-repeat":"repeat","background-position":"center center","background-size":"auto","background-attachment":"scroll","background-type":"","background-media":"","overlay-type":"","overlay-color":"","overlay-opacity":"","overlay-gradient":""},"tablet":{"background-color":"","background-image":"","background-repeat":"repeat","background-position":"center center","background-size":"auto","background-attachment":"scroll","background-type":"","background-media":"","overlay-type":"","overlay-color":"","overlay-opacity":"","overlay-gradient":""},"mobile":{"background-color":"","background-image":"","background-repeat":"repeat","background-position":"center center","background-size":"auto","background-attachment":"scroll","background-type":"","background-media":"","overlay-type":"","overlay-color":"","overlay-opacity":"","overlay-gradient":""}},"ast-content-background-meta":{"desktop":{"background-color":"var(--ast-global-color-5)","background-image":"","background-repeat":"repeat","background-position":"center center","background-size":"auto","background-attachment":"scroll","background-type":"","background-media":"","overlay-type":"","overlay-color":"","overlay-opacity":"","overlay-gradient":""},"tablet":{"background-color":"var(--ast-global-color-5)","background-image":"","background-repeat":"repeat","background-position":"center center","background-size":"auto","background-attachment":"scroll","background-type":"","background-media":"","overlay-type":"","overlay-color":"","overlay-opacity":"","overlay-gradient":""},"mobile":{"background-color":"var(--ast-global-color-5)","background-image":"","background-repeat":"repeat","background-position":"center center","background-size":"auto","background-attachment":"scroll","background-type":"","background-media":"","overlay-type":"","overlay-color":"","overlay-opacity":"","overlay-gradient":""}}},"product_brand":[],"product_cat":[94],"product_tag":[],"class_list":{"0":"post-9881","1":"product","2":"type-product","3":"status-publish","4":"has-post-thumbnail","6":"product_cat-boutis","7":"desktop-align-center","8":"tablet-align-center","9":"mobile-align-center","11":"first","12":"instock","13":"taxable","14":"shipping-taxable","15":"purchasable","16":"product-type-variable"},"_links":{"self":[{"href":"http:\/\/maribelhogar.com\/en\/wp-json\/wp\/v2\/product\/9881","targetHints":{"allow":["GET"]}}],"collection":[{"href":"http:\/\/maribelhogar.com\/en\/wp-json\/wp\/v2\/product"}],"about":[{"href":"http:\/\/maribelhogar.com\/en\/wp-json\/wp\/v2\/types\/product"}],"replies":[{"embeddable":true,"href":"http:\/\/maribelhogar.com\/en\/wp-json\/wp\/v2\/comments?post=9881"}],"wp:featuredmedia":[{"embeddable":true,"href":"http:\/\/maribelhogar.com\/en\/wp-json\/wp\/v2\/media\/9882"}],"wp:attachment":[{"href":"http:\/\/maribelhogar.com\/en\/wp-json\/wp\/v2\/media?parent=9881"}],"wp:term":[{"taxonomy":"product_brand","embeddable":true,"href":"http:\/\/maribelhogar.com\/en\/wp-json\/wp\/v2\/product_brand?post=9881"},{"taxonomy":"product_cat","embeddable":true,"href":"http:\/\/maribelhogar.com\/en\/wp-json\/wp\/v2\/product_cat?post=9881"},{"taxonomy":"product_tag","embeddable":true,"href":"http:\/\/maribelhogar.com\/en\/wp-json\/wp\/v2\/product_tag?post=9881"}],"curies":[{"name":"wp","href":"https:\/\/api.w.org\/{rel}","templated":true}]}}